{"id":4472,"date":"2021-12-21T15:24:07","date_gmt":"2021-12-21T15:24:07","guid":{"rendered":"https:\/\/moharos.com\/?page_id=4472"},"modified":"2021-12-21T15:27:28","modified_gmt":"2021-12-21T15:27:28","slug":"press","status":"publish","type":"page","link":"https:\/\/moharos.com\/en\/press\/","title":{"rendered":"Press"},"content":{"rendered":"<p>[et_pb_section fb_built=&#8221;1&#8243; fullwidth=&#8221;on&#8221; _builder_version=&#8221;4.6.0&#8243; _module_preset=&#8221;default&#8221; global_colors_info=&#8221;{}&#8221;][et_pb_fullwidth_header title=&#8221;Press&#8221; background_overlay_color=&#8221;rgba(0,0,0,0.1)&#8221; button_one_text_last_edited=&#8221;off|desktop&#8221; content_max_width_tablet=&#8221;350px&#8221; content_max_width_last_edited=&#8221;off|phone&#8221; _builder_version=&#8221;4.14.2&#8243; _module_preset=&#8221;default&#8221; title_font=&#8221;Aller Light|||on|||||&#8221; title_text_color=&#8221;#ffffff&#8221; title_font_size=&#8221;45px&#8221; subhead_font=&#8221;Aller Light|||on|||||&#8221; subhead_text_color=&#8221;#707070&#8243; subhead_font_size=&#8221;17px&#8221; subhead_letter_spacing=&#8221;10px&#8221; background_enable_color=&#8221;off&#8221; background_image=&#8221;https:\/\/moharos.com\/wp-content\/uploads\/2020\/09\/soziale-verantwortung.jpg&#8221; custom_button_one=&#8221;on&#8221; button_one_text_size=&#8221;18px&#8221; button_one_text_color=&#8221;#242021&#8243; button_one_bg_color=&#8221;#ffffff&#8221; button_one_border_width=&#8221;0px&#8221; button_one_border_radius=&#8221;0px&#8221; button_one_letter_spacing=&#8221;0px&#8221; button_one_font=&#8221;Aller Light|||on|||||&#8221; button_one_icon=&#8221;&#xe013;||divi||400&#8243; width_last_edited=&#8221;off|phone&#8221; max_width_last_edited=&#8221;off|desktop&#8221; custom_padding=&#8221;10vw||10vw||true|false&#8221; custom_padding_tablet=&#8221;10vw||10vw||true|false&#8221; custom_padding_phone=&#8221;10vw||10vw||true|false&#8221; custom_padding_last_edited=&#8221;off|phone&#8221; title_font_last_edited=&#8221;off|desktop&#8221; title_font_size_tablet=&#8221;33px&#8221; title_font_size_phone=&#8221;27px&#8221; title_font_size_last_edited=&#8221;on|desktop&#8221; subhead_font_last_edited=&#8221;off|desktop&#8221; subhead_font_size_tablet=&#8221;15px&#8221; subhead_font_size_phone=&#8221;13px&#8221; subhead_font_size_last_edited=&#8221;on|desktop&#8221; subhead_letter_spacing_tablet=&#8221;8px&#8221; subhead_letter_spacing_phone=&#8221;5px&#8221; subhead_letter_spacing_last_edited=&#8221;on|phone&#8221; button_one_text_size_tablet=&#8221;17px&#8221; button_one_text_size_phone=&#8221;16px&#8221; button_one_text_size_last_edited=&#8221;on|desktop&#8221; custom_css_title=&#8221;letter-spacing:0;&#8221; title_text_shadow_style=&#8221;preset3&#8243; title_text_shadow_color=&#8221;rgba(0,0,0,0.1)&#8221; global_colors_info=&#8221;{}&#8221; button_one_bg_color__hover_enabled=&#8221;on|desktop&#8221; button_one_bg_color__hover=&#8221;#ffffff&#8221; button_one_bg_enable_color__hover=&#8221;on&#8221;][\/et_pb_fullwidth_header][\/et_pb_section][et_pb_section fb_built=&#8221;1&#8243; inner_shadow=&#8221;on&#8221; _builder_version=&#8221;4.6.0&#8243; _module_preset=&#8221;default&#8221; global_colors_info=&#8221;{}&#8221;][et_pb_row _builder_version=&#8221;4.6.0&#8243; _module_preset=&#8221;default&#8221; global_colors_info=&#8221;{}&#8221;][et_pb_column type=&#8221;4_4&#8243; _builder_version=&#8221;4.6.6&#8243; _module_preset=&#8221;default&#8221; global_colors_info=&#8221;{}&#8221;][et_pb_blurb content_max_width=&#8221;100%&#8221; _builder_version=&#8221;4.13.0&#8243; _module_preset=&#8221;default&#8221; header_level=&#8221;h2&#8243; header_font=&#8221;Aller Light|||on|||||&#8221; header_text_color=&#8221;#242021&#8243; header_font_size=&#8221;40px&#8221; body_font=&#8221;Aller Light||||||||&#8221; body_text_align=&#8221;justify&#8221; width=&#8221;100%&#8221; header_font_size_tablet=&#8221;32px&#8221; header_font_size_phone=&#8221;25px&#8221; header_font_size_last_edited=&#8221;on|desktop&#8221; custom_css_blurb_title=&#8221;padding-bottom:30px;||letter-spacing:0;&#8221; global_colors_info=&#8221;{}&#8221;]<\/p>\n<p>All features of MOHAROS Vienna in the national and international press:<\/p>\n<p>[\/et_pb_blurb][\/et_pb_column][\/et_pb_row][et_pb_row column_structure=&#8221;1_3,1_3,1_3&#8243; _builder_version=&#8221;4.14.2&#8243; _module_preset=&#8221;default&#8221; global_colors_info=&#8221;{}&#8221;][et_pb_column type=&#8221;1_3&#8243; _builder_version=&#8221;4.14.2&#8243; _module_preset=&#8221;default&#8221; global_colors_info=&#8221;{}&#8221;][et_pb_image src=&#8221;https:\/\/moharos.com\/wp-content\/uploads\/2021\/12\/Moharos-Presse-Luxury-Magazin-National.png&#8221; _builder_version=&#8221;4.14.2&#8243; _module_preset=&#8221;default&#8221; global_colors_info=&#8221;{}&#8221;][\/et_pb_image][\/et_pb_column][et_pb_column type=&#8221;1_3&#8243; _builder_version=&#8221;4.14.2&#8243; _module_preset=&#8221;default&#8221; global_colors_info=&#8221;{}&#8221;][et_pb_image src=&#8221;https:\/\/moharos.com\/wp-content\/uploads\/2021\/12\/Moharos-Vienna-Luxury-Society-international.png&#8221; _builder_version=&#8221;4.14.2&#8243; _module_preset=&#8221;default&#8221; global_colors_info=&#8221;{}&#8221;][\/et_pb_image][\/et_pb_column][et_pb_column type=&#8221;1_3&#8243; _builder_version=&#8221;4.14.2&#8243; _module_preset=&#8221;default&#8221; global_colors_info=&#8221;{}&#8221;][\/et_pb_column][\/et_pb_row][et_pb_row column_structure=&#8221;1_3,1_3,1_3&#8243; _builder_version=&#8221;4.14.2&#8243; _module_preset=&#8221;default&#8221; global_colors_info=&#8221;{}&#8221;][et_pb_column type=&#8221;1_3&#8243; _builder_version=&#8221;4.14.2&#8243; _module_preset=&#8221;default&#8221; global_colors_info=&#8221;{}&#8221;][et_pb_text _builder_version=&#8221;4.14.2&#8243; _module_preset=&#8221;default&#8221; link_option_url=&#8221;https:\/\/issuu.com\/luxurymag\/docs\/moharos_vienna&#8212;issuu&#8221; link_option_url_new_window=&#8221;on&#8221; global_colors_info=&#8221;{}&#8221;]<\/p>\n<p style=\"text-align: center;\">Luxury Magazine Austria 2021<\/p>\n<p>[\/et_pb_text][\/et_pb_column][et_pb_column type=&#8221;1_3&#8243; _builder_version=&#8221;4.14.2&#8243; _module_preset=&#8221;default&#8221; global_colors_info=&#8221;{}&#8221;][et_pb_text _builder_version=&#8221;4.14.2&#8243; _module_preset=&#8221;default&#8221; link_option_url=&#8221;https:\/\/issuu.com\/luxurymag\/docs\/mm_elena_sever&#8211;issuu_73ac9ed9c16a73\/105&#8243; link_option_url_new_window=&#8221;on&#8221; global_colors_info=&#8221;{}&#8221;]<\/p>\n<p style=\"text-align: center;\">Luxury Magazine International 2021<\/p>\n<p>[\/et_pb_text][\/et_pb_column][et_pb_column type=&#8221;1_3&#8243; _builder_version=&#8221;4.14.2&#8243; _module_preset=&#8221;default&#8221; global_colors_info=&#8221;{}&#8221;][\/et_pb_column][\/et_pb_row][\/et_pb_section]<\/p>\n","protected":false},"excerpt":{"rendered":"<p>All features of MOHAROS Vienna in the national and international press:Luxury Magazine Austria 2021Luxury Magazine International 2021<\/p>\n","protected":false},"author":5,"featured_media":0,"parent":0,"menu_order":0,"comment_status":"closed","ping_status":"closed","template":"","meta":{"_acf_changed":false,"_et_pb_use_builder":"on","_et_pb_old_content":"","_et_gb_content_width":"","footnotes":""},"class_list":["post-4472","page","type-page","status-publish","hentry"],"acf":[],"yoast_head":"<!-- This site is optimized with the Yoast SEO plugin v21.3 - https:\/\/yoast.com\/wordpress\/plugins\/seo\/ -->\n<title>MOHAROS Press | MOHAROS - Luxury Goods<\/title>\n<meta name=\"description\" content=\"MOHAROS ist eine \u00f6sterr. Brand, die f\u00fcr luxuri\u00f6se, zeitlose und feminine Mode steht - 100 % handgemacht in WIEN mit exklusivstem Kaschmir.\" \/>\n<meta name=\"robots\" content=\"index, follow, max-snippet:-1, max-image-preview:large, max-video-preview:-1\" \/>\n<link rel=\"canonical\" href=\"https:\/\/moharos.com\/en\/press\/\" \/>\n<meta property=\"og:locale\" content=\"en_US\" \/>\n<meta property=\"og:type\" content=\"article\" \/>\n<meta property=\"og:title\" content=\"MOHAROS Press | MOHAROS - Luxury Goods\" \/>\n<meta property=\"og:description\" content=\"MOHAROS ist eine \u00f6sterr. Brand, die f\u00fcr luxuri\u00f6se, zeitlose und feminine Mode steht - 100 % handgemacht in WIEN mit exklusivstem Kaschmir.\" \/>\n<meta property=\"og:url\" content=\"https:\/\/moharos.com\/en\/press\/\" \/>\n<meta property=\"og:site_name\" content=\"MOHAROS - Luxury Goods\" \/>\n<meta property=\"article:modified_time\" content=\"2021-12-21T15:27:28+00:00\" \/>\n<meta name=\"twitter:card\" content=\"summary_large_image\" \/>\n<meta name=\"twitter:label1\" content=\"Est. reading time\" \/>\n\t<meta name=\"twitter:data1\" content=\"3 minutes\" \/>\n<script type=\"application\/ld+json\" class=\"yoast-schema-graph\">{\"@context\":\"https:\/\/schema.org\",\"@graph\":[{\"@type\":\"WebPage\",\"@id\":\"https:\/\/moharos.com\/en\/press\/\",\"url\":\"https:\/\/moharos.com\/en\/press\/\",\"name\":\"MOHAROS Press | MOHAROS - Luxury Goods\",\"isPartOf\":{\"@id\":\"https:\/\/moharos.com\/en\/#website\"},\"datePublished\":\"2021-12-21T15:24:07+00:00\",\"dateModified\":\"2021-12-21T15:27:28+00:00\",\"description\":\"MOHAROS ist eine \u00f6sterr. Brand, die f\u00fcr luxuri\u00f6se, zeitlose und feminine Mode steht - 100 % handgemacht in WIEN mit exklusivstem Kaschmir.\",\"breadcrumb\":{\"@id\":\"https:\/\/moharos.com\/en\/press\/#breadcrumb\"},\"inLanguage\":\"en-US\",\"potentialAction\":[{\"@type\":\"ReadAction\",\"target\":[\"https:\/\/moharos.com\/en\/press\/\"]}]},{\"@type\":\"BreadcrumbList\",\"@id\":\"https:\/\/moharos.com\/en\/press\/#breadcrumb\",\"itemListElement\":[{\"@type\":\"ListItem\",\"position\":1,\"name\":\"Startseite\",\"item\":\"https:\/\/moharos.com\/en\/\"},{\"@type\":\"ListItem\",\"position\":2,\"name\":\"Press\"}]},{\"@type\":\"WebSite\",\"@id\":\"https:\/\/moharos.com\/en\/#website\",\"url\":\"https:\/\/moharos.com\/en\/\",\"name\":\"MOHAROS - Luxury Goods\",\"description\":\"\",\"potentialAction\":[{\"@type\":\"SearchAction\",\"target\":{\"@type\":\"EntryPoint\",\"urlTemplate\":\"https:\/\/moharos.com\/en\/?s={search_term_string}\"},\"query-input\":\"required name=search_term_string\"}],\"inLanguage\":\"en-US\"}]}<\/script>\n<!-- \/ Yoast SEO plugin. -->","yoast_head_json":{"title":"MOHAROS Press | MOHAROS - Luxury Goods","description":"MOHAROS ist eine \u00f6sterr. Brand, die f\u00fcr luxuri\u00f6se, zeitlose und feminine Mode steht - 100 % handgemacht in WIEN mit exklusivstem Kaschmir.","robots":{"index":"index","follow":"follow","max-snippet":"max-snippet:-1","max-image-preview":"max-image-preview:large","max-video-preview":"max-video-preview:-1"},"canonical":"https:\/\/moharos.com\/en\/press\/","og_locale":"en_US","og_type":"article","og_title":"MOHAROS Press | MOHAROS - Luxury Goods","og_description":"MOHAROS ist eine \u00f6sterr. Brand, die f\u00fcr luxuri\u00f6se, zeitlose und feminine Mode steht - 100 % handgemacht in WIEN mit exklusivstem Kaschmir.","og_url":"https:\/\/moharos.com\/en\/press\/","og_site_name":"MOHAROS - Luxury Goods","article_modified_time":"2021-12-21T15:27:28+00:00","twitter_card":"summary_large_image","twitter_misc":{"Est. reading time":"3 minutes"},"schema":{"@context":"https:\/\/schema.org","@graph":[{"@type":"WebPage","@id":"https:\/\/moharos.com\/en\/press\/","url":"https:\/\/moharos.com\/en\/press\/","name":"MOHAROS Press | MOHAROS - Luxury Goods","isPartOf":{"@id":"https:\/\/moharos.com\/en\/#website"},"datePublished":"2021-12-21T15:24:07+00:00","dateModified":"2021-12-21T15:27:28+00:00","description":"MOHAROS ist eine \u00f6sterr. Brand, die f\u00fcr luxuri\u00f6se, zeitlose und feminine Mode steht - 100 % handgemacht in WIEN mit exklusivstem Kaschmir.","breadcrumb":{"@id":"https:\/\/moharos.com\/en\/press\/#breadcrumb"},"inLanguage":"en-US","potentialAction":[{"@type":"ReadAction","target":["https:\/\/moharos.com\/en\/press\/"]}]},{"@type":"BreadcrumbList","@id":"https:\/\/moharos.com\/en\/press\/#breadcrumb","itemListElement":[{"@type":"ListItem","position":1,"name":"Startseite","item":"https:\/\/moharos.com\/en\/"},{"@type":"ListItem","position":2,"name":"Press"}]},{"@type":"WebSite","@id":"https:\/\/moharos.com\/en\/#website","url":"https:\/\/moharos.com\/en\/","name":"MOHAROS - Luxury Goods","description":"","potentialAction":[{"@type":"SearchAction","target":{"@type":"EntryPoint","urlTemplate":"https:\/\/moharos.com\/en\/?s={search_term_string}"},"query-input":"required name=search_term_string"}],"inLanguage":"en-US"}]}},"_links":{"self":[{"href":"https:\/\/moharos.com\/en\/wp-json\/wp\/v2\/pages\/4472","targetHints":{"allow":["GET"]}}],"collection":[{"href":"https:\/\/moharos.com\/en\/wp-json\/wp\/v2\/pages"}],"about":[{"href":"https:\/\/moharos.com\/en\/wp-json\/wp\/v2\/types\/page"}],"author":[{"embeddable":true,"href":"https:\/\/moharos.com\/en\/wp-json\/wp\/v2\/users\/5"}],"replies":[{"embeddable":true,"href":"https:\/\/moharos.com\/en\/wp-json\/wp\/v2\/comments?post=4472"}],"version-history":[{"count":0,"href":"https:\/\/moharos.com\/en\/wp-json\/wp\/v2\/pages\/4472\/revisions"}],"wp:attachment":[{"href":"https:\/\/moharos.com\/en\/wp-json\/wp\/v2\/media?parent=4472"}],"curies":[{"name":"wp","href":"https:\/\/api.w.org\/{rel}","templated":true}]}}