{"id":2604,"date":"2020-09-30T19:38:14","date_gmt":"2020-09-30T19:38:14","guid":{"rendered":"https:\/\/moharos.com\/philosophie\/"},"modified":"2020-11-17T19:35:22","modified_gmt":"2020-11-17T19:35:22","slug":"%e7%bb%8f%e8%90%a5%e7%90%86%e5%bf%b5","status":"publish","type":"page","link":"https:\/\/moharos.com\/zh-hans\/%e7%bb%8f%e8%90%a5%e7%90%86%e5%bf%b5\/","title":{"rendered":"\u7ecf\u8425\u7406\u5ff5"},"content":{"rendered":"<p>[et_pb_section fb_built=&#8221;1&#8243; fullwidth=&#8221;on&#8221; _builder_version=&#8221;4.6.0&#8243; _module_preset=&#8221;default&#8221;][et_pb_fullwidth_header title=&#8221;\u7ecf\u8425\u7406\u5ff5&#8221; background_overlay_color=&#8221;rgba(0,0,0,0.1)&#8221; button_one_text_last_edited=&#8221;off|desktop&#8221; content_max_width_tablet=&#8221;350px&#8221; content_max_width_last_edited=&#8221;off|phone&#8221; _builder_version=&#8221;4.6.6&#8243; _module_preset=&#8221;default&#8221; title_font=&#8221;Aller Light|||on|||||&#8221; title_text_color=&#8221;#ffffff&#8221; title_font_size=&#8221;45px&#8221; subhead_font=&#8221;Aller Light|||on|||||&#8221; subhead_text_color=&#8221;#707070&#8243; subhead_font_size=&#8221;17px&#8221; subhead_letter_spacing=&#8221;10px&#8221; background_enable_color=&#8221;off&#8221; background_image=&#8221;https:\/\/moharos.com\/wp-content\/uploads\/2020\/03\/KOLLEKTION-2020-2021.jpg&#8221; custom_button_one=&#8221;on&#8221; button_one_text_size=&#8221;18px&#8221; button_one_text_color=&#8221;#242021&#8243; button_one_bg_color=&#8221;#ffffff&#8221; button_one_border_width=&#8221;0px&#8221; button_one_border_radius=&#8221;0px&#8221; button_one_letter_spacing=&#8221;0px&#8221; button_one_font=&#8221;Aller Light|||on|||||&#8221; button_one_icon=&#8221;%%112%%&#8221; width_last_edited=&#8221;off|phone&#8221; max_width_last_edited=&#8221;off|desktop&#8221; custom_padding=&#8221;10vw||10vw||true|false&#8221; custom_padding_tablet=&#8221;10vw||10vw||true|false&#8221; custom_padding_phone=&#8221;10vw||10vw||true|false&#8221; custom_padding_last_edited=&#8221;off|phone&#8221; hover_enabled=&#8221;0&#8243; title_font_last_edited=&#8221;off|desktop&#8221; title_font_size_tablet=&#8221;33px&#8221; title_font_size_phone=&#8221;27px&#8221; title_font_size_last_edited=&#8221;on|desktop&#8221; subhead_font_last_edited=&#8221;off|desktop&#8221; subhead_font_size_tablet=&#8221;15px&#8221; subhead_font_size_phone=&#8221;13px&#8221; subhead_font_size_last_edited=&#8221;on|desktop&#8221; subhead_letter_spacing_tablet=&#8221;8px&#8221; subhead_letter_spacing_phone=&#8221;5px&#8221; subhead_letter_spacing_last_edited=&#8221;on|phone&#8221; button_one_text_size_tablet=&#8221;17px&#8221; button_one_text_size_phone=&#8221;16px&#8221; button_one_text_size_last_edited=&#8221;on|desktop&#8221; custom_css_title=&#8221;letter-spacing:0;&#8221; title_text_shadow_style=&#8221;preset3&#8243; title_text_shadow_color=&#8221;rgba(0,0,0,0.1)&#8221; button_one_bg_color__hover_enabled=&#8221;on|desktop&#8221; button_one_bg_color__hover=&#8221;#ffffff&#8221; button_one_bg_enable_color__hover=&#8221;on&#8221; sticky_enabled=&#8221;0&#8243;][\/et_pb_fullwidth_header][\/et_pb_section][et_pb_section fb_built=&#8221;1&#8243; inner_shadow=&#8221;on&#8221; _builder_version=&#8221;4.6.0&#8243; _module_preset=&#8221;default&#8221;][et_pb_row _builder_version=&#8221;4.6.0&#8243; _module_preset=&#8221;default&#8221;][et_pb_column type=&#8221;4_4&#8243; _builder_version=&#8221;4.6.6&#8243; _module_preset=&#8221;default&#8221;][et_pb_blurb content_max_width=&#8221;100%&#8221; _builder_version=&#8221;4.6.6&#8243; _module_preset=&#8221;default&#8221; header_level=&#8221;h2&#8243; header_font=&#8221;Aller Light|||on|||||&#8221; header_text_color=&#8221;#242021&#8243; header_font_size=&#8221;40px&#8221; body_font=&#8221;Aller Light||||||||&#8221; body_text_align=&#8221;justify&#8221; width=&#8221;100%&#8221; hover_enabled=&#8221;0&#8243; header_font_size_tablet=&#8221;32px&#8221; header_font_size_phone=&#8221;25px&#8221; header_font_size_last_edited=&#8221;on|desktop&#8221; custom_css_blurb_title=&#8221;padding-bottom:30px;||letter-spacing:0;&#8221; sticky_enabled=&#8221;0&#8243;]<\/p>\n<p>\u6211\u5bf9\u4e8eMOHAROS\uff08\u6469\u54c8\u7f57\u65af\uff09\u7684\u7406\u5ff5\u80fd\u591f\u5f88\u7b80\u660e\u5730\u8fdb\u884c\u9610\u8ff0\uff1a\u5b83\u4e0e\u76f4\u7ebf\u6709\u5173\u3002\u5373\u610f\u5473\u7740\u2014\u2014\u7b80\u6d01\u660e\u4e86\u7684\u8bbe\u8ba1\u4e0e\u526a\u88c1\uff0c\u65e0\u9700\u8fc7\u591a\u8936\u8fb9\u6765\u4fee\u9970\u65e2\u80fd\u4f7f\u65c1\u4eba\u7684\u76ee\u5149\u4e13\u6ce8\u4e8e\u65f6\u5c1a\u7cbe\u9ad3\u6240\u5728\u2014\u2014\u5176\u7a7f\u7740\u8005\u672c\u8eab\u3002\u76f4\u7ebf\u65e0\u9700\u638c\u58f0\u6b22\u547c\uff0c\u800c\u66f4\u91cd\u8981\u7684\u6b63\u662f\u7a7f\u7740\u670d\u88c5\u7684\u4eba\u3002MOHAROS\uff08\u6469\u54c8\u7f57\u65af\uff09\u5e76\u4e0d\u5c5e\u4e8e\u90a3\u7c7b\u53ea\u80fd\u5728\u65f6\u88c5\u5468\u79c0\u573a\u4e0a\u5927\u653e\u5f02\u5f69\uff0c\u800c\u5728\u73b0\u5b9e\u751f\u6d3b\u4e2d\u5374\u65e0\u6cd5\u9a7e\u9a6d\u7684\u201c\u5947\u88c5\u5f02\u670d\u201d\u3002\u5b83\u5e94\u8be5\u6210\u4e3a\u4eba\u4eba\u90fd\u80fd\u9a7e\u9a6d\u7684\u65f6\u5c1a\uff0c\u56e0\u4e3a\u65f6\u5c1a\u672c\u8be5\u4ee5\u4eba\u4e3a\u672c\u3001\u4ee5\u7a7f\u7740\u8005\u4e3a\u672c\u3002\u5373\u4f7f\u7a7f\u7740\u8005\u672a\u8d70\u5728\u7ea2\u6bef\u4e0a\uff0c\u4e5f\u5e94\u53d7\u5230\u77a9\u76ee\u3002<\/p>\n<p>\u73b0\u4ee3\u5962\u4f88\u54c1\u884c\u4e1a\uff0c\u4ece\u7ef4\u4e5f\u7eb3\u6700\u7e41\u534e\u7684\u5546\u4e1a\u8857K\u00e4rntnerstra\u00dfe\uff08\u514b\u6069\u6ed5\u5927\u9053\uff09\u5230\u7ebd\u7ea6\u76845th Avenue\uff08\u7b2c\u4e94\u5927\u9053\uff09\uff0c\u90fd\u65e0\u4e0d\u7ed9\u60a8\u5e26\u6765\u6700\u597d\u7684\u4f53\u9a8c\u3002\u8fd1\u51e0\u5341\u5e74\u6765\uff0c\u5982\u4e00\u6b3e\u670d\u9970\u6807\u660e\u201c100%\u7eaf\u624b\u5de5\u5236\u4f5c\u201d\uff0c\u5219\u5176\u542b\u4e49\u5df2\u6bcb\u5eb8\u7f6e\u7591\u3002<br \/> \u4e3a\u80fd\u786e\u4fdd\u4ee5\u9ad8\u6807\u51c6\u5b8c\u5de5\uff0cMOHAROS\uff08\u6469\u54c8\u7f57\u65af\uff09\u7684\u6b3e\u5f0f\u4ec5\u8fdb\u884c\u9650\u91cf\u751f\u4ea7\u3002<\/p>\n<p>\u56e0\u6b64\uff0c\u60a8\u5927\u53ef\u611f\u53d7\u5230MOHAROS\uff08\u6469\u54c8\u7f57\u65af\uff09\u5de5\u574a\u7684\u4ea7\u54c1\u4e0e\u522b\u4e0d\u540c\u3002<\/p>\n<p>[\/et_pb_blurb][et_pb_button button_url=&#8221;https:\/\/moharos.com\/shop\/&#8221; button_text=&#8221;Shop us&#8221; _builder_version=&#8221;4.6.5&#8243; _module_preset=&#8221;default&#8221;][\/et_pb_button][\/et_pb_column][\/et_pb_row][\/et_pb_section]<\/p>\n","protected":false},"excerpt":{"rendered":"<p>\u6211\u5bf9\u4e8eMOHAROS\uff08\u6469\u54c8\u7f57\u65af\uff09\u7684\u7406\u5ff5\u80fd\u591f\u5f88\u7b80\u660e\u5730\u8fdb\u884c\u9610\u8ff0\uff1a\u5b83\u4e0e\u76f4\u7ebf\u6709\u5173\u3002\u5373\u610f\u5473\u7740\u2014\u2014\u7b80\u6d01\u660e\u4e86\u7684\u8bbe\u8ba1\u4e0e\u526a\u88c1\uff0c\u65e0 [&hellip;]<\/p>\n","protected":false},"author":5,"featured_media":0,"parent":0,"menu_order":0,"comment_status":"closed","ping_status":"closed","template":"","meta":{"_acf_changed":false,"_et_pb_use_builder":"on","_et_pb_old_content":"","_et_gb_content_width":"","footnotes":""},"class_list":["post-2604","page","type-page","status-publish","hentry"],"acf":[],"yoast_head":"<!-- This site is optimized with the Yoast SEO plugin v21.3 - https:\/\/yoast.com\/wordpress\/plugins\/seo\/ -->\n<title>MOHAROS \u7ecf\u8425\u7406\u5ff5 | MOHAROS - Luxury Goods<\/title>\n<meta name=\"description\" content=\"MOHAROS ist eine \u00f6sterr. Brand, die f\u00fcr luxuri\u00f6se, zeitlose und feminine Mode steht - 100 % handgemacht in WIEN mit exklusivstem Kaschmir.\" \/>\n<meta name=\"robots\" content=\"index, follow, max-snippet:-1, max-image-preview:large, max-video-preview:-1\" \/>\n<link rel=\"canonical\" href=\"https:\/\/moharos.com\/zh-hans\/%e7%bb%8f%e8%90%a5%e7%90%86%e5%bf%b5\/\" \/>\n<meta property=\"og:locale\" content=\"zh_CN\" \/>\n<meta property=\"og:type\" content=\"article\" \/>\n<meta property=\"og:title\" content=\"MOHAROS \u7ecf\u8425\u7406\u5ff5 | MOHAROS - Luxury Goods\" \/>\n<meta property=\"og:description\" content=\"MOHAROS ist eine \u00f6sterr. Brand, die f\u00fcr luxuri\u00f6se, zeitlose und feminine Mode steht - 100 % handgemacht in WIEN mit exklusivstem Kaschmir.\" \/>\n<meta property=\"og:url\" content=\"https:\/\/moharos.com\/zh-hans\/%e7%bb%8f%e8%90%a5%e7%90%86%e5%bf%b5\/\" \/>\n<meta property=\"og:site_name\" content=\"MOHAROS - Luxury Goods\" \/>\n<meta property=\"article:modified_time\" content=\"2020-11-17T19:35:22+00:00\" \/>\n<meta name=\"twitter:card\" content=\"summary_large_image\" \/>\n<meta name=\"twitter:label1\" content=\"\u9884\u8ba1\u9605\u8bfb\u65f6\u95f4\" \/>\n\t<meta name=\"twitter:data1\" content=\"2\u5206\" \/>\n<script type=\"application\/ld+json\" class=\"yoast-schema-graph\">{\"@context\":\"https:\/\/schema.org\",\"@graph\":[{\"@type\":\"WebPage\",\"@id\":\"https:\/\/moharos.com\/zh-hans\/%e7%bb%8f%e8%90%a5%e7%90%86%e5%bf%b5\/\",\"url\":\"https:\/\/moharos.com\/zh-hans\/%e7%bb%8f%e8%90%a5%e7%90%86%e5%bf%b5\/\",\"name\":\"MOHAROS \u7ecf\u8425\u7406\u5ff5 | MOHAROS - Luxury Goods\",\"isPartOf\":{\"@id\":\"https:\/\/moharos.com\/zh-hans\/#website\"},\"datePublished\":\"2020-09-30T19:38:14+00:00\",\"dateModified\":\"2020-11-17T19:35:22+00:00\",\"description\":\"MOHAROS ist eine \u00f6sterr. Brand, die f\u00fcr luxuri\u00f6se, zeitlose und feminine Mode steht - 100 % handgemacht in WIEN mit exklusivstem Kaschmir.\",\"breadcrumb\":{\"@id\":\"https:\/\/moharos.com\/zh-hans\/%e7%bb%8f%e8%90%a5%e7%90%86%e5%bf%b5\/#breadcrumb\"},\"inLanguage\":\"zh-CN\",\"potentialAction\":[{\"@type\":\"ReadAction\",\"target\":[\"https:\/\/moharos.com\/zh-hans\/%e7%bb%8f%e8%90%a5%e7%90%86%e5%bf%b5\/\"]}]},{\"@type\":\"BreadcrumbList\",\"@id\":\"https:\/\/moharos.com\/zh-hans\/%e7%bb%8f%e8%90%a5%e7%90%86%e5%bf%b5\/#breadcrumb\",\"itemListElement\":[{\"@type\":\"ListItem\",\"position\":1,\"name\":\"Startseite\",\"item\":\"https:\/\/moharos.com\/zh-hans\/\"},{\"@type\":\"ListItem\",\"position\":2,\"name\":\"\u7ecf\u8425\u7406\u5ff5\"}]},{\"@type\":\"WebSite\",\"@id\":\"https:\/\/moharos.com\/zh-hans\/#website\",\"url\":\"https:\/\/moharos.com\/zh-hans\/\",\"name\":\"MOHAROS - Luxury Goods\",\"description\":\"\",\"potentialAction\":[{\"@type\":\"SearchAction\",\"target\":{\"@type\":\"EntryPoint\",\"urlTemplate\":\"https:\/\/moharos.com\/zh-hans\/?s={search_term_string}\"},\"query-input\":\"required name=search_term_string\"}],\"inLanguage\":\"zh-CN\"}]}<\/script>\n<!-- \/ Yoast SEO plugin. -->","yoast_head_json":{"title":"MOHAROS \u7ecf\u8425\u7406\u5ff5 | MOHAROS - Luxury Goods","description":"MOHAROS ist eine \u00f6sterr. Brand, die f\u00fcr luxuri\u00f6se, zeitlose und feminine Mode steht - 100 % handgemacht in WIEN mit exklusivstem Kaschmir.","robots":{"index":"index","follow":"follow","max-snippet":"max-snippet:-1","max-image-preview":"max-image-preview:large","max-video-preview":"max-video-preview:-1"},"canonical":"https:\/\/moharos.com\/zh-hans\/%e7%bb%8f%e8%90%a5%e7%90%86%e5%bf%b5\/","og_locale":"zh_CN","og_type":"article","og_title":"MOHAROS \u7ecf\u8425\u7406\u5ff5 | MOHAROS - Luxury Goods","og_description":"MOHAROS ist eine \u00f6sterr. Brand, die f\u00fcr luxuri\u00f6se, zeitlose und feminine Mode steht - 100 % handgemacht in WIEN mit exklusivstem Kaschmir.","og_url":"https:\/\/moharos.com\/zh-hans\/%e7%bb%8f%e8%90%a5%e7%90%86%e5%bf%b5\/","og_site_name":"MOHAROS - Luxury Goods","article_modified_time":"2020-11-17T19:35:22+00:00","twitter_card":"summary_large_image","twitter_misc":{"\u9884\u8ba1\u9605\u8bfb\u65f6\u95f4":"2\u5206"},"schema":{"@context":"https:\/\/schema.org","@graph":[{"@type":"WebPage","@id":"https:\/\/moharos.com\/zh-hans\/%e7%bb%8f%e8%90%a5%e7%90%86%e5%bf%b5\/","url":"https:\/\/moharos.com\/zh-hans\/%e7%bb%8f%e8%90%a5%e7%90%86%e5%bf%b5\/","name":"MOHAROS \u7ecf\u8425\u7406\u5ff5 | MOHAROS - Luxury Goods","isPartOf":{"@id":"https:\/\/moharos.com\/zh-hans\/#website"},"datePublished":"2020-09-30T19:38:14+00:00","dateModified":"2020-11-17T19:35:22+00:00","description":"MOHAROS ist eine \u00f6sterr. Brand, die f\u00fcr luxuri\u00f6se, zeitlose und feminine Mode steht - 100 % handgemacht in WIEN mit exklusivstem Kaschmir.","breadcrumb":{"@id":"https:\/\/moharos.com\/zh-hans\/%e7%bb%8f%e8%90%a5%e7%90%86%e5%bf%b5\/#breadcrumb"},"inLanguage":"zh-CN","potentialAction":[{"@type":"ReadAction","target":["https:\/\/moharos.com\/zh-hans\/%e7%bb%8f%e8%90%a5%e7%90%86%e5%bf%b5\/"]}]},{"@type":"BreadcrumbList","@id":"https:\/\/moharos.com\/zh-hans\/%e7%bb%8f%e8%90%a5%e7%90%86%e5%bf%b5\/#breadcrumb","itemListElement":[{"@type":"ListItem","position":1,"name":"Startseite","item":"https:\/\/moharos.com\/zh-hans\/"},{"@type":"ListItem","position":2,"name":"\u7ecf\u8425\u7406\u5ff5"}]},{"@type":"WebSite","@id":"https:\/\/moharos.com\/zh-hans\/#website","url":"https:\/\/moharos.com\/zh-hans\/","name":"MOHAROS - Luxury Goods","description":"","potentialAction":[{"@type":"SearchAction","target":{"@type":"EntryPoint","urlTemplate":"https:\/\/moharos.com\/zh-hans\/?s={search_term_string}"},"query-input":"required name=search_term_string"}],"inLanguage":"zh-CN"}]}},"_links":{"self":[{"href":"https:\/\/moharos.com\/zh-hans\/wp-json\/wp\/v2\/pages\/2604","targetHints":{"allow":["GET"]}}],"collection":[{"href":"https:\/\/moharos.com\/zh-hans\/wp-json\/wp\/v2\/pages"}],"about":[{"href":"https:\/\/moharos.com\/zh-hans\/wp-json\/wp\/v2\/types\/page"}],"author":[{"embeddable":true,"href":"https:\/\/moharos.com\/zh-hans\/wp-json\/wp\/v2\/users\/5"}],"replies":[{"embeddable":true,"href":"https:\/\/moharos.com\/zh-hans\/wp-json\/wp\/v2\/comments?post=2604"}],"version-history":[{"count":0,"href":"https:\/\/moharos.com\/zh-hans\/wp-json\/wp\/v2\/pages\/2604\/revisions"}],"wp:attachment":[{"href":"https:\/\/moharos.com\/zh-hans\/wp-json\/wp\/v2\/media?parent=2604"}],"curies":[{"name":"wp","href":"https:\/\/api.w.org\/{rel}","templated":true}]}}